{"id":16808,"date":"2024-08-26T14:41:11","date_gmt":"2024-08-26T11:41:11","guid":{"rendered":"https:\/\/demositelerim.biz.tr\/mor\/index.php\/urun\/carpim-tablosunu-ezberledim-rozet-37-mm-20-adet\/"},"modified":"2026-01-22T13:49:51","modified_gmt":"2026-01-22T10:49:51","slug":"carpim-tablosunu-ezberledim-rozet-37-mm-20-adet","status":"publish","type":"product","link":"https:\/\/morkirtasiye.com.tr\/index.php\/urun\/carpim-tablosunu-ezberledim-rozet-37-mm-20-adet\/","title":{"rendered":"\u00c7arp\u0131m Tablosunu Ezberledim Rozet 37 mm 20 Adet"},"content":{"rendered":"<p>\u00c7arp\u0131m Tablosunu Ezberledim Rozet 37 mm 20 Adet<\/p>\n","protected":false},"excerpt":{"rendered":"<p>\u00c7arp\u0131m Tablosunu Ezberledim Rozet 37 mm 20 Adet<\/p>\n","protected":false},"featured_media":17510,"comment_status":"closed","ping_status":"closed","template":"","meta":[],"product_brand":[],"product_cat":[20],"product_tag":[],"class_list":{"0":"post-16808","1":"product","2":"type-product","3":"status-publish","4":"has-post-thumbnail","6":"product_cat-rozet","8":"first","9":"instock","10":"taxable","11":"shipping-taxable","12":"purchasable","13":"product-type-simple"},"_links":{"self":[{"href":"https:\/\/morkirtasiye.com.tr\/index.php\/wp-json\/wp\/v2\/product\/16808","targetHints":{"allow":["GET"]}}],"collection":[{"href":"https:\/\/morkirtasiye.com.tr\/index.php\/wp-json\/wp\/v2\/product"}],"about":[{"href":"https:\/\/morkirtasiye.com.tr\/index.php\/wp-json\/wp\/v2\/types\/product"}],"replies":[{"embeddable":true,"href":"https:\/\/morkirtasiye.com.tr\/index.php\/wp-json\/wp\/v2\/comments?post=16808"}],"version-history":[{"count":6,"href":"https:\/\/morkirtasiye.com.tr\/index.php\/wp-json\/wp\/v2\/product\/16808\/revisions"}],"predecessor-version":[{"id":18336,"href":"https:\/\/morkirtasiye.com.tr\/index.php\/wp-json\/wp\/v2\/product\/16808\/revisions\/18336"}],"wp:featuredmedia":[{"embeddable":true,"href":"https:\/\/morkirtasiye.com.tr\/index.php\/wp-json\/wp\/v2\/media\/17510"}],"wp:attachment":[{"href":"https:\/\/morkirtasiye.com.tr\/index.php\/wp-json\/wp\/v2\/media?parent=16808"}],"wp:term":[{"taxonomy":"product_brand","embeddable":true,"href":"https:\/\/morkirtasiye.com.tr\/index.php\/wp-json\/wp\/v2\/product_brand?post=16808"},{"taxonomy":"product_cat","embeddable":true,"href":"https:\/\/morkirtasiye.com.tr\/index.php\/wp-json\/wp\/v2\/product_cat?post=16808"},{"taxonomy":"product_tag","embeddable":true,"href":"https:\/\/morkirtasiye.com.tr\/index.php\/wp-json\/wp\/v2\/product_tag?post=16808"}],"curies":[{"name":"wp","href":"https:\/\/api.w.org\/{rel}","templated":true}]}}