{"id":16826,"date":"2024-08-26T14:41:14","date_gmt":"2024-08-26T11:41:14","guid":{"rendered":"https:\/\/demositelerim.biz.tr\/mor\/index.php\/urun\/tekli-rozet-37-mm\/"},"modified":"2026-01-22T13:49:52","modified_gmt":"2026-01-22T10:49:52","slug":"tekli-rozet-37-mm","status":"publish","type":"product","link":"https:\/\/morkirtasiye.com.tr\/index.php\/urun\/tekli-rozet-37-mm\/","title":{"rendered":"Kar\u0131\u015f\u0131k Tekli Rozet 37 mm 100 Adet"},"content":{"rendered":"<p>Kar\u0131\u015f\u0131k Tekli Rozet 37 mm 100 Adet<\/p>\n","protected":false},"excerpt":{"rendered":"<p>Kar\u0131\u015f\u0131k Tekli Rozet 37 mm 100 Adet<\/p>\n","protected":false},"featured_media":17585,"comment_status":"closed","ping_status":"closed","template":"","meta":[],"product_brand":[],"product_cat":[20],"product_tag":[],"class_list":{"0":"post-16826","1":"product","2":"type-product","3":"status-publish","4":"has-post-thumbnail","6":"product_cat-rozet","8":"first","9":"instock","10":"taxable","11":"shipping-taxable","12":"purchasable","13":"product-type-simple"},"_links":{"self":[{"href":"https:\/\/morkirtasiye.com.tr\/index.php\/wp-json\/wp\/v2\/product\/16826","targetHints":{"allow":["GET"]}}],"collection":[{"href":"https:\/\/morkirtasiye.com.tr\/index.php\/wp-json\/wp\/v2\/product"}],"about":[{"href":"https:\/\/morkirtasiye.com.tr\/index.php\/wp-json\/wp\/v2\/types\/product"}],"replies":[{"embeddable":true,"href":"https:\/\/morkirtasiye.com.tr\/index.php\/wp-json\/wp\/v2\/comments?post=16826"}],"version-history":[{"count":9,"href":"https:\/\/morkirtasiye.com.tr\/index.php\/wp-json\/wp\/v2\/product\/16826\/revisions"}],"predecessor-version":[{"id":18342,"href":"https:\/\/morkirtasiye.com.tr\/index.php\/wp-json\/wp\/v2\/product\/16826\/revisions\/18342"}],"wp:featuredmedia":[{"embeddable":true,"href":"https:\/\/morkirtasiye.com.tr\/index.php\/wp-json\/wp\/v2\/media\/17585"}],"wp:attachment":[{"href":"https:\/\/morkirtasiye.com.tr\/index.php\/wp-json\/wp\/v2\/media?parent=16826"}],"wp:term":[{"taxonomy":"product_brand","embeddable":true,"href":"https:\/\/morkirtasiye.com.tr\/index.php\/wp-json\/wp\/v2\/product_brand?post=16826"},{"taxonomy":"product_cat","embeddable":true,"href":"https:\/\/morkirtasiye.com.tr\/index.php\/wp-json\/wp\/v2\/product_cat?post=16826"},{"taxonomy":"product_tag","embeddable":true,"href":"https:\/\/morkirtasiye.com.tr\/index.php\/wp-json\/wp\/v2\/product_tag?post=16826"}],"curies":[{"name":"wp","href":"https:\/\/api.w.org\/{rel}","templated":true}]}}