{"id":16856,"date":"2024-08-26T14:41:14","date_gmt":"2024-08-26T11:41:14","guid":{"rendered":"https:\/\/demositelerim.biz.tr\/mor\/index.php\/urun\/buyuk-mandal-naturel-15-adet\/"},"modified":"2026-01-22T13:49:53","modified_gmt":"2026-01-22T10:49:53","slug":"buyuk-mandal-naturel-15-adet","status":"publish","type":"product","link":"https:\/\/morkirtasiye.com.tr\/index.php\/urun\/buyuk-mandal-naturel-15-adet\/","title":{"rendered":"B\u00fcy\u00fck Mandal Naturel 15 Adet"},"content":{"rendered":"<p>B\u00fcy\u00fck Mandal Naturel 15 Adet<\/p>\n","protected":false},"excerpt":{"rendered":"<p>B\u00fcy\u00fck Mandal Naturel 15 Adet<\/p>\n","protected":false},"featured_media":17505,"comment_status":"closed","ping_status":"closed","template":"","meta":[],"product_brand":[],"product_cat":[108,125],"product_tag":[],"class_list":{"0":"post-16856","1":"product","2":"type-product","3":"status-publish","4":"has-post-thumbnail","6":"product_cat-etkinlik","7":"product_cat-etkinlik-urunleri","9":"first","10":"instock","11":"taxable","12":"shipping-taxable","13":"purchasable","14":"product-type-simple"},"_links":{"self":[{"href":"https:\/\/morkirtasiye.com.tr\/index.php\/wp-json\/wp\/v2\/product\/16856","targetHints":{"allow":["GET"]}}],"collection":[{"href":"https:\/\/morkirtasiye.com.tr\/index.php\/wp-json\/wp\/v2\/product"}],"about":[{"href":"https:\/\/morkirtasiye.com.tr\/index.php\/wp-json\/wp\/v2\/types\/product"}],"replies":[{"embeddable":true,"href":"https:\/\/morkirtasiye.com.tr\/index.php\/wp-json\/wp\/v2\/comments?post=16856"}],"version-history":[{"count":6,"href":"https:\/\/morkirtasiye.com.tr\/index.php\/wp-json\/wp\/v2\/product\/16856\/revisions"}],"predecessor-version":[{"id":18348,"href":"https:\/\/morkirtasiye.com.tr\/index.php\/wp-json\/wp\/v2\/product\/16856\/revisions\/18348"}],"wp:featuredmedia":[{"embeddable":true,"href":"https:\/\/morkirtasiye.com.tr\/index.php\/wp-json\/wp\/v2\/media\/17505"}],"wp:attachment":[{"href":"https:\/\/morkirtasiye.com.tr\/index.php\/wp-json\/wp\/v2\/media?parent=16856"}],"wp:term":[{"taxonomy":"product_brand","embeddable":true,"href":"https:\/\/morkirtasiye.com.tr\/index.php\/wp-json\/wp\/v2\/product_brand?post=16856"},{"taxonomy":"product_cat","embeddable":true,"href":"https:\/\/morkirtasiye.com.tr\/index.php\/wp-json\/wp\/v2\/product_cat?post=16856"},{"taxonomy":"product_tag","embeddable":true,"href":"https:\/\/morkirtasiye.com.tr\/index.php\/wp-json\/wp\/v2\/product_tag?post=16856"}],"curies":[{"name":"wp","href":"https:\/\/api.w.org\/{rel}","templated":true}]}}