{"id":16872,"date":"2024-08-26T14:41:17","date_gmt":"2024-08-26T11:41:17","guid":{"rendered":"https:\/\/demositelerim.biz.tr\/mor\/index.php\/urun\/pul-yildiz\/"},"modified":"2026-01-22T13:49:55","modified_gmt":"2026-01-22T10:49:55","slug":"pul-yildiz","status":"publish","type":"product","link":"https:\/\/morkirtasiye.com.tr\/index.php\/urun\/pul-yildiz\/","title":{"rendered":"Pul ( Y\u0131ld\u0131z )"},"content":{"rendered":"<p>Pul ( Y\u0131ld\u0131z )<\/p>\n","protected":false},"excerpt":{"rendered":"<p>Pul ( Y\u0131ld\u0131z )<\/p>\n","protected":false},"featured_media":17576,"comment_status":"closed","ping_status":"closed","template":"","meta":[],"product_brand":[],"product_cat":[108,125],"product_tag":[],"class_list":{"0":"post-16872","1":"product","2":"type-product","3":"status-publish","4":"has-post-thumbnail","6":"product_cat-etkinlik","7":"product_cat-etkinlik-urunleri","9":"first","10":"instock","11":"taxable","12":"shipping-taxable","13":"purchasable","14":"product-type-simple"},"_links":{"self":[{"href":"https:\/\/morkirtasiye.com.tr\/index.php\/wp-json\/wp\/v2\/product\/16872","targetHints":{"allow":["GET"]}}],"collection":[{"href":"https:\/\/morkirtasiye.com.tr\/index.php\/wp-json\/wp\/v2\/product"}],"about":[{"href":"https:\/\/morkirtasiye.com.tr\/index.php\/wp-json\/wp\/v2\/types\/product"}],"replies":[{"embeddable":true,"href":"https:\/\/morkirtasiye.com.tr\/index.php\/wp-json\/wp\/v2\/comments?post=16872"}],"version-history":[{"count":5,"href":"https:\/\/morkirtasiye.com.tr\/index.php\/wp-json\/wp\/v2\/product\/16872\/revisions"}],"predecessor-version":[{"id":18351,"href":"https:\/\/morkirtasiye.com.tr\/index.php\/wp-json\/wp\/v2\/product\/16872\/revisions\/18351"}],"wp:featuredmedia":[{"embeddable":true,"href":"https:\/\/morkirtasiye.com.tr\/index.php\/wp-json\/wp\/v2\/media\/17576"}],"wp:attachment":[{"href":"https:\/\/morkirtasiye.com.tr\/index.php\/wp-json\/wp\/v2\/media?parent=16872"}],"wp:term":[{"taxonomy":"product_brand","embeddable":true,"href":"https:\/\/morkirtasiye.com.tr\/index.php\/wp-json\/wp\/v2\/product_brand?post=16872"},{"taxonomy":"product_cat","embeddable":true,"href":"https:\/\/morkirtasiye.com.tr\/index.php\/wp-json\/wp\/v2\/product_cat?post=16872"},{"taxonomy":"product_tag","embeddable":true,"href":"https:\/\/morkirtasiye.com.tr\/index.php\/wp-json\/wp\/v2\/product_tag?post=16872"}],"curies":[{"name":"wp","href":"https:\/\/api.w.org\/{rel}","templated":true}]}}