{"id":16894,"date":"2024-08-26T14:41:17","date_gmt":"2024-08-26T11:41:17","guid":{"rendered":"https:\/\/demositelerim.biz.tr\/mor\/index.php\/urun\/tas-boyama-set\/"},"modified":"2026-01-23T08:13:14","modified_gmt":"2026-01-23T05:13:14","slug":"tas-boyama-set","status":"publish","type":"product","link":"https:\/\/morkirtasiye.com.tr\/index.php\/urun\/tas-boyama-set\/","title":{"rendered":"Ta\u015f Boyama Sanat\u0131 Seti \u2013 \u00c7ocuklar \u0130\u00e7in Boyanabilir Ta\u015f Boyama Aktivite Seti (3+ Ya\u015f)"},"content":{"rendered":"<p data-start=\"358\" data-end=\"665\">\u00c7ocuklar\u0131n yarat\u0131c\u0131l\u0131\u011f\u0131n\u0131 ve el becerilerini geli\u015ftirmek amac\u0131yla tasarlanan <strong data-start=\"435\" data-end=\"461\">Ta\u015f Boyama Sanat\u0131 Seti<\/strong>, e\u011flenceli ve \u00f6\u011fretici bir sanat etkinli\u011fi sunar. Set i\u00e7erisinde yer alan <strong data-start=\"536\" data-end=\"572\">farkl\u0131 boyutlardaki do\u011fal ta\u015flar<\/strong>, \u00e7ocuklar\u0131n hayal g\u00fc\u00e7lerini kullanarak renkli ve \u00f6zg\u00fcn tasar\u0131mlar olu\u015fturmas\u0131na imk\u00e2n tan\u0131r.<\/p>\n<p data-start=\"667\" data-end=\"965\"><strong data-start=\"667\" data-end=\"695\">Akrilik boyalar ve f\u0131r\u00e7a<\/strong> ile birlikte sunulan bu boyama seti, ta\u015f boyama etkinli\u011fini kolay ve keyifli hale getirir. Ta\u015f boyama \u00e7al\u0131\u015fmalar\u0131; el-g\u00f6z koordinasyonunu, ince motor becerilerini, renk alg\u0131s\u0131n\u0131 ve dikkat geli\u015fimini destekler. \u00c7ocuklar\u0131n sanatsal y\u00f6nlerini ke\u015ffetmelerine yard\u0131mc\u0131 olur.<\/p>\n<p data-start=\"967\" data-end=\"1233\"><strong data-start=\"967\" data-end=\"994\">3 ya\u015f ve \u00fczeri \u00e7ocuklar<\/strong> i\u00e7in uygun olan bu ta\u015f boyama aktivite seti; evde, okul etkinliklerinde, at\u00f6lye \u00e7al\u0131\u015fmalar\u0131nda ve yarat\u0131c\u0131 sanat aktivitelerinde g\u00fcvenle kullan\u0131labilir. E\u011fitici oyuncak ve sanatsal etkinlik seti arayan ebeveynler i\u00e7in ideal bir tercihtir.<\/p>\n","protected":false},"excerpt":{"rendered":"<p>\u00c7ocuklar\u0131n yarat\u0131c\u0131l\u0131\u011f\u0131n\u0131 ve el becerilerini geli\u015ftirmek amac\u0131yla tasarlanan Ta\u015f Boyama Sanat\u0131 Seti, e\u011flenceli ve \u00f6\u011fretici bir sanat etkinli\u011fi sunar. Set<\/p>\n","protected":false},"featured_media":17584,"comment_status":"closed","ping_status":"closed","template":"","meta":[],"product_brand":[],"product_cat":[108,126],"product_tag":[545,552,547,551,553,554,550,549],"class_list":{"0":"post-16894","1":"product","2":"type-product","3":"status-publish","4":"has-post-thumbnail","6":"product_cat-etkinlik","7":"product_cat-boyama-etkinlikleri","8":"product_tag-akrilik-boyama-seti","9":"product_tag-boyanabilir-tas-seti","10":"product_tag-cocuk-el-isi-seti","11":"product_tag-cocuklar-icin-tas-boyama","12":"product_tag-egitici-sanat-seti","13":"product_tag-stone-painting-set","14":"product_tag-tas-boyama-sanati","15":"product_tag-tas-boyama-seti","17":"first","18":"outofstock","19":"taxable","20":"shipping-taxable","21":"purchasable","22":"product-type-simple"},"_links":{"self":[{"href":"https:\/\/morkirtasiye.com.tr\/index.php\/wp-json\/wp\/v2\/product\/16894","targetHints":{"allow":["GET"]}}],"collection":[{"href":"https:\/\/morkirtasiye.com.tr\/index.php\/wp-json\/wp\/v2\/product"}],"about":[{"href":"https:\/\/morkirtasiye.com.tr\/index.php\/wp-json\/wp\/v2\/types\/product"}],"replies":[{"embeddable":true,"href":"https:\/\/morkirtasiye.com.tr\/index.php\/wp-json\/wp\/v2\/comments?post=16894"}],"version-history":[{"count":7,"href":"https:\/\/morkirtasiye.com.tr\/index.php\/wp-json\/wp\/v2\/product\/16894\/revisions"}],"predecessor-version":[{"id":18499,"href":"https:\/\/morkirtasiye.com.tr\/index.php\/wp-json\/wp\/v2\/product\/16894\/revisions\/18499"}],"wp:featuredmedia":[{"embeddable":true,"href":"https:\/\/morkirtasiye.com.tr\/index.php\/wp-json\/wp\/v2\/media\/17584"}],"wp:attachment":[{"href":"https:\/\/morkirtasiye.com.tr\/index.php\/wp-json\/wp\/v2\/media?parent=16894"}],"wp:term":[{"taxonomy":"product_brand","embeddable":true,"href":"https:\/\/morkirtasiye.com.tr\/index.php\/wp-json\/wp\/v2\/product_brand?post=16894"},{"taxonomy":"product_cat","embeddable":true,"href":"https:\/\/morkirtasiye.com.tr\/index.php\/wp-json\/wp\/v2\/product_cat?post=16894"},{"taxonomy":"product_tag","embeddable":true,"href":"https:\/\/morkirtasiye.com.tr\/index.php\/wp-json\/wp\/v2\/product_tag?post=16894"}],"curies":[{"name":"wp","href":"https:\/\/api.w.org\/{rel}","templated":true}]}}