{"id":16988,"date":"2024-08-26T14:41:26","date_gmt":"2024-08-26T11:41:26","guid":{"rendered":"https:\/\/demositelerim.biz.tr\/mor\/index.php\/urun\/geometrik-cisimler-kucuk-boy\/"},"modified":"2026-01-22T13:50:03","modified_gmt":"2026-01-22T10:50:03","slug":"geometrik-cisimler-kucuk-boy","status":"publish","type":"product","link":"https:\/\/morkirtasiye.com.tr\/index.php\/urun\/geometrik-cisimler-kucuk-boy\/","title":{"rendered":"Geometrik Cisimler K\u00fc\u00e7\u00fck Boy"},"content":{"rendered":"<p>Geometrik Cisimler K\u00fc\u00e7\u00fck Boy<\/p>\n","protected":false},"excerpt":{"rendered":"<p>Geometrik Cisimler K\u00fc\u00e7\u00fck Boy<\/p>\n","protected":false},"featured_media":17524,"comment_status":"closed","ping_status":"closed","template":"","meta":[],"product_brand":[],"product_cat":[109,130],"product_tag":[],"class_list":{"0":"post-16988","1":"product","2":"type-product","3":"status-publish","4":"has-post-thumbnail","6":"product_cat-deney-isteknik","7":"product_cat-ders-gerecleri","9":"first","10":"instock","11":"taxable","12":"shipping-taxable","13":"purchasable","14":"product-type-simple"},"_links":{"self":[{"href":"https:\/\/morkirtasiye.com.tr\/index.php\/wp-json\/wp\/v2\/product\/16988","targetHints":{"allow":["GET"]}}],"collection":[{"href":"https:\/\/morkirtasiye.com.tr\/index.php\/wp-json\/wp\/v2\/product"}],"about":[{"href":"https:\/\/morkirtasiye.com.tr\/index.php\/wp-json\/wp\/v2\/types\/product"}],"replies":[{"embeddable":true,"href":"https:\/\/morkirtasiye.com.tr\/index.php\/wp-json\/wp\/v2\/comments?post=16988"}],"version-history":[{"count":5,"href":"https:\/\/morkirtasiye.com.tr\/index.php\/wp-json\/wp\/v2\/product\/16988\/revisions"}],"predecessor-version":[{"id":18392,"href":"https:\/\/morkirtasiye.com.tr\/index.php\/wp-json\/wp\/v2\/product\/16988\/revisions\/18392"}],"wp:featuredmedia":[{"embeddable":true,"href":"https:\/\/morkirtasiye.com.tr\/index.php\/wp-json\/wp\/v2\/media\/17524"}],"wp:attachment":[{"href":"https:\/\/morkirtasiye.com.tr\/index.php\/wp-json\/wp\/v2\/media?parent=16988"}],"wp:term":[{"taxonomy":"product_brand","embeddable":true,"href":"https:\/\/morkirtasiye.com.tr\/index.php\/wp-json\/wp\/v2\/product_brand?post=16988"},{"taxonomy":"product_cat","embeddable":true,"href":"https:\/\/morkirtasiye.com.tr\/index.php\/wp-json\/wp\/v2\/product_cat?post=16988"},{"taxonomy":"product_tag","embeddable":true,"href":"https:\/\/morkirtasiye.com.tr\/index.php\/wp-json\/wp\/v2\/product_tag?post=16988"}],"curies":[{"name":"wp","href":"https:\/\/api.w.org\/{rel}","templated":true}]}}