{"id":17042,"date":"2024-08-26T14:41:29","date_gmt":"2024-08-26T11:41:29","guid":{"rendered":"https:\/\/demositelerim.biz.tr\/mor\/index.php\/urun\/maket-isci-insan-figuru-142-3-adet\/"},"modified":"2026-01-22T13:50:05","modified_gmt":"2026-01-22T10:50:05","slug":"maket-isci-insan-figuru-142-3-adet","status":"publish","type":"product","link":"https:\/\/morkirtasiye.com.tr\/index.php\/urun\/maket-isci-insan-figuru-142-3-adet\/","title":{"rendered":"MX1992 &#8211; Maket \u0130\u015f\u00e7i \u0130nsan Fig\u00fcr\u00fc 1:42 3 Adet"},"content":{"rendered":"<p>Maket \u0130\u015f\u00e7i \u0130nsan Fig\u00fcr\u00fc 1:42 3 Adet<\/p>\n","protected":false},"excerpt":{"rendered":"<p>Maket \u0130\u015f\u00e7i \u0130nsan Fig\u00fcr\u00fc 1:42 3 Adet<\/p>\n","protected":false},"featured_media":17641,"comment_status":"closed","ping_status":"closed","template":"","meta":[],"product_brand":[],"product_cat":[112],"product_tag":[],"class_list":{"0":"post-17042","1":"product","2":"type-product","3":"status-publish","4":"has-post-thumbnail","6":"product_cat-maket-hobi","8":"first","9":"instock","10":"taxable","11":"shipping-taxable","12":"purchasable","13":"product-type-simple"},"_links":{"self":[{"href":"https:\/\/morkirtasiye.com.tr\/index.php\/wp-json\/wp\/v2\/product\/17042","targetHints":{"allow":["GET"]}}],"collection":[{"href":"https:\/\/morkirtasiye.com.tr\/index.php\/wp-json\/wp\/v2\/product"}],"about":[{"href":"https:\/\/morkirtasiye.com.tr\/index.php\/wp-json\/wp\/v2\/types\/product"}],"replies":[{"embeddable":true,"href":"https:\/\/morkirtasiye.com.tr\/index.php\/wp-json\/wp\/v2\/comments?post=17042"}],"version-history":[{"count":6,"href":"https:\/\/morkirtasiye.com.tr\/index.php\/wp-json\/wp\/v2\/product\/17042\/revisions"}],"predecessor-version":[{"id":18403,"href":"https:\/\/morkirtasiye.com.tr\/index.php\/wp-json\/wp\/v2\/product\/17042\/revisions\/18403"}],"wp:featuredmedia":[{"embeddable":true,"href":"https:\/\/morkirtasiye.com.tr\/index.php\/wp-json\/wp\/v2\/media\/17641"}],"wp:attachment":[{"href":"https:\/\/morkirtasiye.com.tr\/index.php\/wp-json\/wp\/v2\/media?parent=17042"}],"wp:term":[{"taxonomy":"product_brand","embeddable":true,"href":"https:\/\/morkirtasiye.com.tr\/index.php\/wp-json\/wp\/v2\/product_brand?post=17042"},{"taxonomy":"product_cat","embeddable":true,"href":"https:\/\/morkirtasiye.com.tr\/index.php\/wp-json\/wp\/v2\/product_cat?post=17042"},{"taxonomy":"product_tag","embeddable":true,"href":"https:\/\/morkirtasiye.com.tr\/index.php\/wp-json\/wp\/v2\/product_tag?post=17042"}],"curies":[{"name":"wp","href":"https:\/\/api.w.org\/{rel}","templated":true}]}}