{"id":17048,"date":"2024-08-26T14:41:29","date_gmt":"2024-08-26T11:41:29","guid":{"rendered":"https:\/\/demositelerim.biz.tr\/mor\/index.php\/urun\/maket-sporcu-insan-figuru-175-3-adet\/"},"modified":"2026-01-22T13:50:05","modified_gmt":"2026-01-22T10:50:05","slug":"maket-sporcu-insan-figuru-175-3-adet","status":"publish","type":"product","link":"https:\/\/morkirtasiye.com.tr\/index.php\/urun\/maket-sporcu-insan-figuru-175-3-adet\/","title":{"rendered":"MX1995 &#8211; Maket Sporcu \u0130nsan Fig\u00fcr\u00fc 1:75 3 Adet"},"content":{"rendered":"<p>Maket Sporcu \u0130nsan Fig\u00fcr\u00fc 1:75 3 Adet<\/p>\n","protected":false},"excerpt":{"rendered":"<p>Maket Sporcu \u0130nsan Fig\u00fcr\u00fc 1:75 3 Adet<\/p>\n","protected":false},"featured_media":17644,"comment_status":"closed","ping_status":"closed","template":"","meta":[],"product_brand":[],"product_cat":[112,137],"product_tag":[],"class_list":{"0":"post-17048","1":"product","2":"type-product","3":"status-publish","4":"has-post-thumbnail","6":"product_cat-maket-hobi","7":"product_cat-olcekli-maket-insanlar","9":"first","10":"instock","11":"taxable","12":"shipping-taxable","13":"purchasable","14":"product-type-simple"},"_links":{"self":[{"href":"https:\/\/morkirtasiye.com.tr\/index.php\/wp-json\/wp\/v2\/product\/17048","targetHints":{"allow":["GET"]}}],"collection":[{"href":"https:\/\/morkirtasiye.com.tr\/index.php\/wp-json\/wp\/v2\/product"}],"about":[{"href":"https:\/\/morkirtasiye.com.tr\/index.php\/wp-json\/wp\/v2\/types\/product"}],"replies":[{"embeddable":true,"href":"https:\/\/morkirtasiye.com.tr\/index.php\/wp-json\/wp\/v2\/comments?post=17048"}],"version-history":[{"count":7,"href":"https:\/\/morkirtasiye.com.tr\/index.php\/wp-json\/wp\/v2\/product\/17048\/revisions"}],"predecessor-version":[{"id":18406,"href":"https:\/\/morkirtasiye.com.tr\/index.php\/wp-json\/wp\/v2\/product\/17048\/revisions\/18406"}],"wp:featuredmedia":[{"embeddable":true,"href":"https:\/\/morkirtasiye.com.tr\/index.php\/wp-json\/wp\/v2\/media\/17644"}],"wp:attachment":[{"href":"https:\/\/morkirtasiye.com.tr\/index.php\/wp-json\/wp\/v2\/media?parent=17048"}],"wp:term":[{"taxonomy":"product_brand","embeddable":true,"href":"https:\/\/morkirtasiye.com.tr\/index.php\/wp-json\/wp\/v2\/product_brand?post=17048"},{"taxonomy":"product_cat","embeddable":true,"href":"https:\/\/morkirtasiye.com.tr\/index.php\/wp-json\/wp\/v2\/product_cat?post=17048"},{"taxonomy":"product_tag","embeddable":true,"href":"https:\/\/morkirtasiye.com.tr\/index.php\/wp-json\/wp\/v2\/product_tag?post=17048"}],"curies":[{"name":"wp","href":"https:\/\/api.w.org\/{rel}","templated":true}]}}