{"id":17080,"date":"2024-08-26T14:41:32","date_gmt":"2024-08-26T11:41:32","guid":{"rendered":"https:\/\/demositelerim.biz.tr\/mor\/index.php\/urun\/maket-is-makinesi-araclar-1200-4-adet\/"},"modified":"2026-01-22T13:50:09","modified_gmt":"2026-01-22T10:50:09","slug":"maket-is-makinesi-araclar-1200-4-adet","status":"publish","type":"product","link":"https:\/\/morkirtasiye.com.tr\/index.php\/urun\/maket-is-makinesi-araclar-1200-4-adet\/","title":{"rendered":"MX1955 &#8211; Maket \u0130\u015f Makinesi Ara\u00e7lar 1:200 4 Adet"},"content":{"rendered":"<p>Maket \u0130\u015f Makinesi Ara\u00e7lar 1:200 4 Adet<\/p>\n","protected":false},"excerpt":{"rendered":"<p>Maket \u0130\u015f Makinesi Ara\u00e7lar 1:200 4 Adet<\/p>\n","protected":false},"featured_media":17626,"comment_status":"closed","ping_status":"closed","template":"","meta":[],"product_brand":[],"product_cat":[112,137],"product_tag":[],"class_list":{"0":"post-17080","1":"product","2":"type-product","3":"status-publish","4":"has-post-thumbnail","6":"product_cat-maket-hobi","7":"product_cat-olcekli-maket-insanlar","9":"first","10":"instock","11":"taxable","12":"shipping-taxable","13":"purchasable","14":"product-type-simple"},"_links":{"self":[{"href":"https:\/\/morkirtasiye.com.tr\/index.php\/wp-json\/wp\/v2\/product\/17080","targetHints":{"allow":["GET"]}}],"collection":[{"href":"https:\/\/morkirtasiye.com.tr\/index.php\/wp-json\/wp\/v2\/product"}],"about":[{"href":"https:\/\/morkirtasiye.com.tr\/index.php\/wp-json\/wp\/v2\/types\/product"}],"replies":[{"embeddable":true,"href":"https:\/\/morkirtasiye.com.tr\/index.php\/wp-json\/wp\/v2\/comments?post=17080"}],"version-history":[{"count":7,"href":"https:\/\/morkirtasiye.com.tr\/index.php\/wp-json\/wp\/v2\/product\/17080\/revisions"}],"predecessor-version":[{"id":18419,"href":"https:\/\/morkirtasiye.com.tr\/index.php\/wp-json\/wp\/v2\/product\/17080\/revisions\/18419"}],"wp:featuredmedia":[{"embeddable":true,"href":"https:\/\/morkirtasiye.com.tr\/index.php\/wp-json\/wp\/v2\/media\/17626"}],"wp:attachment":[{"href":"https:\/\/morkirtasiye.com.tr\/index.php\/wp-json\/wp\/v2\/media?parent=17080"}],"wp:term":[{"taxonomy":"product_brand","embeddable":true,"href":"https:\/\/morkirtasiye.com.tr\/index.php\/wp-json\/wp\/v2\/product_brand?post=17080"},{"taxonomy":"product_cat","embeddable":true,"href":"https:\/\/morkirtasiye.com.tr\/index.php\/wp-json\/wp\/v2\/product_cat?post=17080"},{"taxonomy":"product_tag","embeddable":true,"href":"https:\/\/morkirtasiye.com.tr\/index.php\/wp-json\/wp\/v2\/product_tag?post=17080"}],"curies":[{"name":"wp","href":"https:\/\/api.w.org\/{rel}","templated":true}]}}