{"id":17142,"date":"2024-08-26T14:41:37","date_gmt":"2024-08-26T11:41:37","guid":{"rendered":"https:\/\/demositelerim.biz.tr\/mor\/index.php\/urun\/zincirli-carpim-tablosu\/"},"modified":"2026-01-22T13:50:11","modified_gmt":"2026-01-22T10:50:11","slug":"zincirli-carpim-tablosu","status":"publish","type":"product","link":"https:\/\/morkirtasiye.com.tr\/index.php\/urun\/zincirli-carpim-tablosu\/","title":{"rendered":"Zincirli \u00c7arp\u0131m Tablosu 12&#8217;li Paket"},"content":{"rendered":"<p>Zincirli \u00c7arp\u0131m Tablosu 60&#215;115 mm<\/p>\n<p>&nbsp;<\/p>\n","protected":false},"excerpt":{"rendered":"<p>Zincirli \u00c7arp\u0131m Tablosu 60&#215;115 mm &nbsp;<\/p>\n","protected":false},"featured_media":17461,"comment_status":"closed","ping_status":"closed","template":"","meta":[],"product_brand":[],"product_cat":[113],"product_tag":[],"class_list":{"0":"post-17142","1":"product","2":"type-product","3":"status-publish","4":"has-post-thumbnail","6":"product_cat-diger-urunler","8":"first","9":"instock","10":"taxable","11":"shipping-taxable","12":"purchasable","13":"product-type-simple"},"_links":{"self":[{"href":"https:\/\/morkirtasiye.com.tr\/index.php\/wp-json\/wp\/v2\/product\/17142","targetHints":{"allow":["GET"]}}],"collection":[{"href":"https:\/\/morkirtasiye.com.tr\/index.php\/wp-json\/wp\/v2\/product"}],"about":[{"href":"https:\/\/morkirtasiye.com.tr\/index.php\/wp-json\/wp\/v2\/types\/product"}],"replies":[{"embeddable":true,"href":"https:\/\/morkirtasiye.com.tr\/index.php\/wp-json\/wp\/v2\/comments?post=17142"}],"version-history":[{"count":8,"href":"https:\/\/morkirtasiye.com.tr\/index.php\/wp-json\/wp\/v2\/product\/17142\/revisions"}],"predecessor-version":[{"id":18431,"href":"https:\/\/morkirtasiye.com.tr\/index.php\/wp-json\/wp\/v2\/product\/17142\/revisions\/18431"}],"wp:featuredmedia":[{"embeddable":true,"href":"https:\/\/morkirtasiye.com.tr\/index.php\/wp-json\/wp\/v2\/media\/17461"}],"wp:attachment":[{"href":"https:\/\/morkirtasiye.com.tr\/index.php\/wp-json\/wp\/v2\/media?parent=17142"}],"wp:term":[{"taxonomy":"product_brand","embeddable":true,"href":"https:\/\/morkirtasiye.com.tr\/index.php\/wp-json\/wp\/v2\/product_brand?post=17142"},{"taxonomy":"product_cat","embeddable":true,"href":"https:\/\/morkirtasiye.com.tr\/index.php\/wp-json\/wp\/v2\/product_cat?post=17142"},{"taxonomy":"product_tag","embeddable":true,"href":"https:\/\/morkirtasiye.com.tr\/index.php\/wp-json\/wp\/v2\/product_tag?post=17142"}],"curies":[{"name":"wp","href":"https:\/\/api.w.org\/{rel}","templated":true}]}}