{"id":17723,"date":"2026-01-18T17:38:55","date_gmt":"2026-01-18T14:38:55","guid":{"rendered":"https:\/\/demositelerim.biz.tr\/mor\/?post_type=product&#038;p=17723"},"modified":"2026-01-22T13:50:14","modified_gmt":"2026-01-22T10:50:14","slug":"mx2030-maket-piknik-masasi-ahsap-150-1-adet","status":"publish","type":"product","link":"https:\/\/morkirtasiye.com.tr\/index.php\/urun\/mx2030-maket-piknik-masasi-ahsap-150-1-adet\/","title":{"rendered":"MX2030 &#8211; Maket Piknik Masas\u0131 Ah\u015fap 1:50 1 Adet"},"content":{"rendered":"<p>Maket Piknik Masas\u0131 Ah\u015fap 1:50 1 Adet<\/p>\n","protected":false},"excerpt":{"rendered":"<p>Maket Piknik Masas\u0131 Ah\u015fap 1:50 1 Adet<\/p>\n","protected":false},"featured_media":17611,"comment_status":"open","ping_status":"closed","template":"","meta":[],"product_brand":[],"product_cat":[112,137],"product_tag":[],"class_list":{"0":"post-17723","1":"product","2":"type-product","3":"status-publish","4":"has-post-thumbnail","6":"product_cat-maket-hobi","7":"product_cat-olcekli-maket-insanlar","9":"first","10":"instock","11":"taxable","12":"shipping-taxable","13":"purchasable","14":"product-type-simple"},"_links":{"self":[{"href":"https:\/\/morkirtasiye.com.tr\/index.php\/wp-json\/wp\/v2\/product\/17723","targetHints":{"allow":["GET"]}}],"collection":[{"href":"https:\/\/morkirtasiye.com.tr\/index.php\/wp-json\/wp\/v2\/product"}],"about":[{"href":"https:\/\/morkirtasiye.com.tr\/index.php\/wp-json\/wp\/v2\/types\/product"}],"replies":[{"embeddable":true,"href":"https:\/\/morkirtasiye.com.tr\/index.php\/wp-json\/wp\/v2\/comments?post=17723"}],"version-history":[{"count":5,"href":"https:\/\/morkirtasiye.com.tr\/index.php\/wp-json\/wp\/v2\/product\/17723\/revisions"}],"predecessor-version":[{"id":18441,"href":"https:\/\/morkirtasiye.com.tr\/index.php\/wp-json\/wp\/v2\/product\/17723\/revisions\/18441"}],"wp:featuredmedia":[{"embeddable":true,"href":"https:\/\/morkirtasiye.com.tr\/index.php\/wp-json\/wp\/v2\/media\/17611"}],"wp:attachment":[{"href":"https:\/\/morkirtasiye.com.tr\/index.php\/wp-json\/wp\/v2\/media?parent=17723"}],"wp:term":[{"taxonomy":"product_brand","embeddable":true,"href":"https:\/\/morkirtasiye.com.tr\/index.php\/wp-json\/wp\/v2\/product_brand?post=17723"},{"taxonomy":"product_cat","embeddable":true,"href":"https:\/\/morkirtasiye.com.tr\/index.php\/wp-json\/wp\/v2\/product_cat?post=17723"},{"taxonomy":"product_tag","embeddable":true,"href":"https:\/\/morkirtasiye.com.tr\/index.php\/wp-json\/wp\/v2\/product_tag?post=17723"}],"curies":[{"name":"wp","href":"https:\/\/api.w.org\/{rel}","templated":true}]}}