{"id":17735,"date":"2026-01-19T09:10:23","date_gmt":"2026-01-19T06:10:23","guid":{"rendered":"https:\/\/demositelerim.biz.tr\/mor\/?post_type=product&#038;p=17735"},"modified":"2026-01-22T13:50:15","modified_gmt":"2026-01-22T10:50:15","slug":"buyuk-yildiz-boncuk","status":"publish","type":"product","link":"https:\/\/morkirtasiye.com.tr\/index.php\/urun\/buyuk-yildiz-boncuk\/","title":{"rendered":"B\u00fcy\u00fck Y\u0131ld\u0131z Boncuk"},"content":{"rendered":"<p>B\u00fcy\u00fck Y\u0131ld\u0131z Boncuk<\/p>\n","protected":false},"excerpt":{"rendered":"<p>B\u00fcy\u00fck Y\u0131ld\u0131z Boncuk<\/p>\n","protected":false},"featured_media":17506,"comment_status":"open","ping_status":"closed","template":"","meta":[],"product_brand":[],"product_cat":[108,125],"product_tag":[],"class_list":{"0":"post-17735","1":"product","2":"type-product","3":"status-publish","4":"has-post-thumbnail","6":"product_cat-etkinlik","7":"product_cat-etkinlik-urunleri","9":"first","10":"instock","11":"taxable","12":"shipping-taxable","13":"purchasable","14":"product-type-simple"},"_links":{"self":[{"href":"https:\/\/morkirtasiye.com.tr\/index.php\/wp-json\/wp\/v2\/product\/17735","targetHints":{"allow":["GET"]}}],"collection":[{"href":"https:\/\/morkirtasiye.com.tr\/index.php\/wp-json\/wp\/v2\/product"}],"about":[{"href":"https:\/\/morkirtasiye.com.tr\/index.php\/wp-json\/wp\/v2\/types\/product"}],"replies":[{"embeddable":true,"href":"https:\/\/morkirtasiye.com.tr\/index.php\/wp-json\/wp\/v2\/comments?post=17735"}],"version-history":[{"count":6,"href":"https:\/\/morkirtasiye.com.tr\/index.php\/wp-json\/wp\/v2\/product\/17735\/revisions"}],"predecessor-version":[{"id":18447,"href":"https:\/\/morkirtasiye.com.tr\/index.php\/wp-json\/wp\/v2\/product\/17735\/revisions\/18447"}],"wp:featuredmedia":[{"embeddable":true,"href":"https:\/\/morkirtasiye.com.tr\/index.php\/wp-json\/wp\/v2\/media\/17506"}],"wp:attachment":[{"href":"https:\/\/morkirtasiye.com.tr\/index.php\/wp-json\/wp\/v2\/media?parent=17735"}],"wp:term":[{"taxonomy":"product_brand","embeddable":true,"href":"https:\/\/morkirtasiye.com.tr\/index.php\/wp-json\/wp\/v2\/product_brand?post=17735"},{"taxonomy":"product_cat","embeddable":true,"href":"https:\/\/morkirtasiye.com.tr\/index.php\/wp-json\/wp\/v2\/product_cat?post=17735"},{"taxonomy":"product_tag","embeddable":true,"href":"https:\/\/morkirtasiye.com.tr\/index.php\/wp-json\/wp\/v2\/product_tag?post=17735"}],"curies":[{"name":"wp","href":"https:\/\/api.w.org\/{rel}","templated":true}]}}