{"id":17756,"date":"2026-01-19T12:14:16","date_gmt":"2026-01-19T09:14:16","guid":{"rendered":"https:\/\/demositelerim.biz.tr\/mor\/?post_type=product&#038;p=17756"},"modified":"2026-01-22T13:50:16","modified_gmt":"2026-01-22T10:50:16","slug":"toz-gida-boyasi-9-gr-kirmizi-12li","status":"publish","type":"product","link":"https:\/\/morkirtasiye.com.tr\/index.php\/urun\/toz-gida-boyasi-9-gr-kirmizi-12li\/","title":{"rendered":"Toz G\u0131da Boyas\u0131 9 Gr. K\u0131rm\u0131z\u0131 12&#8217;li"},"content":{"rendered":"<p>Toz G\u0131da Boyas\u0131 9 Gr. K\u0131rm\u0131z\u0131 12&#8217;li<\/p>\n","protected":false},"excerpt":{"rendered":"<p>Toz G\u0131da Boyas\u0131 9 Gr. K\u0131rm\u0131z\u0131 12&#8217;li<\/p>\n","protected":false},"featured_media":17592,"comment_status":"open","ping_status":"closed","template":"","meta":[],"product_brand":[],"product_cat":[159,113],"product_tag":[],"class_list":{"0":"post-17756","1":"product","2":"type-product","3":"status-publish","4":"has-post-thumbnail","6":"product_cat-cesitli-urunler","7":"product_cat-diger-urunler","9":"first","10":"instock","11":"taxable","12":"shipping-taxable","13":"purchasable","14":"product-type-simple"},"_links":{"self":[{"href":"https:\/\/morkirtasiye.com.tr\/index.php\/wp-json\/wp\/v2\/product\/17756","targetHints":{"allow":["GET"]}}],"collection":[{"href":"https:\/\/morkirtasiye.com.tr\/index.php\/wp-json\/wp\/v2\/product"}],"about":[{"href":"https:\/\/morkirtasiye.com.tr\/index.php\/wp-json\/wp\/v2\/types\/product"}],"replies":[{"embeddable":true,"href":"https:\/\/morkirtasiye.com.tr\/index.php\/wp-json\/wp\/v2\/comments?post=17756"}],"version-history":[{"count":5,"href":"https:\/\/morkirtasiye.com.tr\/index.php\/wp-json\/wp\/v2\/product\/17756\/revisions"}],"predecessor-version":[{"id":18455,"href":"https:\/\/morkirtasiye.com.tr\/index.php\/wp-json\/wp\/v2\/product\/17756\/revisions\/18455"}],"wp:featuredmedia":[{"embeddable":true,"href":"https:\/\/morkirtasiye.com.tr\/index.php\/wp-json\/wp\/v2\/media\/17592"}],"wp:attachment":[{"href":"https:\/\/morkirtasiye.com.tr\/index.php\/wp-json\/wp\/v2\/media?parent=17756"}],"wp:term":[{"taxonomy":"product_brand","embeddable":true,"href":"https:\/\/morkirtasiye.com.tr\/index.php\/wp-json\/wp\/v2\/product_brand?post=17756"},{"taxonomy":"product_cat","embeddable":true,"href":"https:\/\/morkirtasiye.com.tr\/index.php\/wp-json\/wp\/v2\/product_cat?post=17756"},{"taxonomy":"product_tag","embeddable":true,"href":"https:\/\/morkirtasiye.com.tr\/index.php\/wp-json\/wp\/v2\/product_tag?post=17756"}],"curies":[{"name":"wp","href":"https:\/\/api.w.org\/{rel}","templated":true}]}}