{"id":17825,"date":"2026-01-21T09:39:12","date_gmt":"2026-01-21T06:39:12","guid":{"rendered":"https:\/\/demositelerim.biz.tr\/mor\/?post_type=product&#038;p=17825"},"modified":"2026-01-22T13:50:21","modified_gmt":"2026-01-22T10:50:21","slug":"geometrik-cisimler-buyuk-boy","status":"publish","type":"product","link":"https:\/\/morkirtasiye.com.tr\/index.php\/urun\/geometrik-cisimler-buyuk-boy\/","title":{"rendered":"Geometrik Cisimler B\u00fcy\u00fck Boy"},"content":{"rendered":"<p>Geometrik Cisimler B\u00fcy\u00fck Boy<\/p>\n","protected":false},"excerpt":{"rendered":"<p>Geometrik Cisimler B\u00fcy\u00fck Boy<\/p>\n","protected":false},"featured_media":17466,"comment_status":"open","ping_status":"closed","template":"","meta":[],"product_brand":[],"product_cat":[109,130],"product_tag":[],"class_list":{"0":"post-17825","1":"product","2":"type-product","3":"status-publish","4":"has-post-thumbnail","6":"product_cat-deney-isteknik","7":"product_cat-ders-gerecleri","9":"first","10":"instock","11":"taxable","12":"shipping-taxable","13":"purchasable","14":"product-type-simple"},"_links":{"self":[{"href":"https:\/\/morkirtasiye.com.tr\/index.php\/wp-json\/wp\/v2\/product\/17825","targetHints":{"allow":["GET"]}}],"collection":[{"href":"https:\/\/morkirtasiye.com.tr\/index.php\/wp-json\/wp\/v2\/product"}],"about":[{"href":"https:\/\/morkirtasiye.com.tr\/index.php\/wp-json\/wp\/v2\/types\/product"}],"replies":[{"embeddable":true,"href":"https:\/\/morkirtasiye.com.tr\/index.php\/wp-json\/wp\/v2\/comments?post=17825"}],"version-history":[{"count":5,"href":"https:\/\/morkirtasiye.com.tr\/index.php\/wp-json\/wp\/v2\/product\/17825\/revisions"}],"predecessor-version":[{"id":18473,"href":"https:\/\/morkirtasiye.com.tr\/index.php\/wp-json\/wp\/v2\/product\/17825\/revisions\/18473"}],"wp:featuredmedia":[{"embeddable":true,"href":"https:\/\/morkirtasiye.com.tr\/index.php\/wp-json\/wp\/v2\/media\/17466"}],"wp:attachment":[{"href":"https:\/\/morkirtasiye.com.tr\/index.php\/wp-json\/wp\/v2\/media?parent=17825"}],"wp:term":[{"taxonomy":"product_brand","embeddable":true,"href":"https:\/\/morkirtasiye.com.tr\/index.php\/wp-json\/wp\/v2\/product_brand?post=17825"},{"taxonomy":"product_cat","embeddable":true,"href":"https:\/\/morkirtasiye.com.tr\/index.php\/wp-json\/wp\/v2\/product_cat?post=17825"},{"taxonomy":"product_tag","embeddable":true,"href":"https:\/\/morkirtasiye.com.tr\/index.php\/wp-json\/wp\/v2\/product_tag?post=17825"}],"curies":[{"name":"wp","href":"https:\/\/api.w.org\/{rel}","templated":true}]}}