{"id":18513,"date":"2026-01-23T17:19:55","date_gmt":"2026-01-23T14:19:55","guid":{"rendered":"https:\/\/demositelerim.biz.tr\/mor\/?post_type=product&#038;p=18513"},"modified":"2026-01-23T17:19:55","modified_gmt":"2026-01-23T14:19:55","slug":"k2553-maket-kavsakli-yol-seti-yapiskanli-1200","status":"publish","type":"product","link":"https:\/\/morkirtasiye.com.tr\/index.php\/urun\/k2553-maket-kavsakli-yol-seti-yapiskanli-1200\/","title":{"rendered":"K2553 &#8211; Maket Kav\u015fakl\u0131 Yol Seti Yap\u0131\u015fkanl\u0131 1:200"},"content":{"rendered":"<p>K2553 &#8211; Maket Kav\u015fakl\u0131 Yol Seti Yap\u0131\u015fkanl\u0131 1:200<\/p>\n","protected":false},"excerpt":{"rendered":"<p>K2553 &#8211; Maket Kav\u015fakl\u0131 Yol Seti Yap\u0131\u015fkanl\u0131 1:200<\/p>\n","protected":false},"featured_media":17822,"comment_status":"open","ping_status":"closed","template":"","meta":[],"product_brand":[],"product_cat":[112,137],"product_tag":[],"class_list":{"0":"post-18513","1":"product","2":"type-product","3":"status-publish","4":"has-post-thumbnail","6":"product_cat-maket-hobi","7":"product_cat-olcekli-maket-insanlar","9":"first","10":"instock","11":"taxable","12":"shipping-taxable","13":"purchasable","14":"product-type-simple"},"_links":{"self":[{"href":"https:\/\/morkirtasiye.com.tr\/index.php\/wp-json\/wp\/v2\/product\/18513","targetHints":{"allow":["GET"]}}],"collection":[{"href":"https:\/\/morkirtasiye.com.tr\/index.php\/wp-json\/wp\/v2\/product"}],"about":[{"href":"https:\/\/morkirtasiye.com.tr\/index.php\/wp-json\/wp\/v2\/types\/product"}],"replies":[{"embeddable":true,"href":"https:\/\/morkirtasiye.com.tr\/index.php\/wp-json\/wp\/v2\/comments?post=18513"}],"version-history":[{"count":1,"href":"https:\/\/morkirtasiye.com.tr\/index.php\/wp-json\/wp\/v2\/product\/18513\/revisions"}],"predecessor-version":[{"id":18514,"href":"https:\/\/morkirtasiye.com.tr\/index.php\/wp-json\/wp\/v2\/product\/18513\/revisions\/18514"}],"wp:featuredmedia":[{"embeddable":true,"href":"https:\/\/morkirtasiye.com.tr\/index.php\/wp-json\/wp\/v2\/media\/17822"}],"wp:attachment":[{"href":"https:\/\/morkirtasiye.com.tr\/index.php\/wp-json\/wp\/v2\/media?parent=18513"}],"wp:term":[{"taxonomy":"product_brand","embeddable":true,"href":"https:\/\/morkirtasiye.com.tr\/index.php\/wp-json\/wp\/v2\/product_brand?post=18513"},{"taxonomy":"product_cat","embeddable":true,"href":"https:\/\/morkirtasiye.com.tr\/index.php\/wp-json\/wp\/v2\/product_cat?post=18513"},{"taxonomy":"product_tag","embeddable":true,"href":"https:\/\/morkirtasiye.com.tr\/index.php\/wp-json\/wp\/v2\/product_tag?post=18513"}],"curies":[{"name":"wp","href":"https:\/\/api.w.org\/{rel}","templated":true}]}}