{"id":18517,"date":"2026-01-23T17:29:05","date_gmt":"2026-01-23T14:29:05","guid":{"rendered":"https:\/\/demositelerim.biz.tr\/mor\/?post_type=product&#038;p=18517"},"modified":"2026-01-23T17:29:05","modified_gmt":"2026-01-23T14:29:05","slug":"k2555-maket-zemin-desen-yapiskanli-15x235-2li","status":"publish","type":"product","link":"https:\/\/morkirtasiye.com.tr\/index.php\/urun\/k2555-maket-zemin-desen-yapiskanli-15x235-2li\/","title":{"rendered":"K2555 &#8211; Maket Zemin Desen Yap\u0131\u015fkanl\u0131 15&#215;23,5 2&#8217;li"},"content":{"rendered":"<p>K2555 &#8211; Maket Zemin Desen Yap\u0131\u015fkanl\u0131 15&#215;23,5 2&#8217;li<\/p>\n","protected":false},"excerpt":{"rendered":"<p>K2555 &#8211; Maket Zemin Desen Yap\u0131\u015fkanl\u0131 15&#215;23,5 2&#8217;li<\/p>\n","protected":false},"featured_media":17812,"comment_status":"open","ping_status":"closed","template":"","meta":[],"product_brand":[],"product_cat":[112,137],"product_tag":[],"class_list":{"0":"post-18517","1":"product","2":"type-product","3":"status-publish","4":"has-post-thumbnail","6":"product_cat-maket-hobi","7":"product_cat-olcekli-maket-insanlar","9":"first","10":"instock","11":"taxable","12":"shipping-taxable","13":"purchasable","14":"product-type-simple"},"_links":{"self":[{"href":"https:\/\/morkirtasiye.com.tr\/index.php\/wp-json\/wp\/v2\/product\/18517","targetHints":{"allow":["GET"]}}],"collection":[{"href":"https:\/\/morkirtasiye.com.tr\/index.php\/wp-json\/wp\/v2\/product"}],"about":[{"href":"https:\/\/morkirtasiye.com.tr\/index.php\/wp-json\/wp\/v2\/types\/product"}],"replies":[{"embeddable":true,"href":"https:\/\/morkirtasiye.com.tr\/index.php\/wp-json\/wp\/v2\/comments?post=18517"}],"version-history":[{"count":1,"href":"https:\/\/morkirtasiye.com.tr\/index.php\/wp-json\/wp\/v2\/product\/18517\/revisions"}],"predecessor-version":[{"id":18519,"href":"https:\/\/morkirtasiye.com.tr\/index.php\/wp-json\/wp\/v2\/product\/18517\/revisions\/18519"}],"wp:featuredmedia":[{"embeddable":true,"href":"https:\/\/morkirtasiye.com.tr\/index.php\/wp-json\/wp\/v2\/media\/17812"}],"wp:attachment":[{"href":"https:\/\/morkirtasiye.com.tr\/index.php\/wp-json\/wp\/v2\/media?parent=18517"}],"wp:term":[{"taxonomy":"product_brand","embeddable":true,"href":"https:\/\/morkirtasiye.com.tr\/index.php\/wp-json\/wp\/v2\/product_brand?post=18517"},{"taxonomy":"product_cat","embeddable":true,"href":"https:\/\/morkirtasiye.com.tr\/index.php\/wp-json\/wp\/v2\/product_cat?post=18517"},{"taxonomy":"product_tag","embeddable":true,"href":"https:\/\/morkirtasiye.com.tr\/index.php\/wp-json\/wp\/v2\/product_tag?post=18517"}],"curies":[{"name":"wp","href":"https:\/\/api.w.org\/{rel}","templated":true}]}}